{"id":984,"date":"2025-11-09T17:26:24","date_gmt":"2025-11-09T16:26:24","guid":{"rendered":"https:\/\/apli-tech.pl\/?post_type=product&#038;p=984"},"modified":"2025-11-10T07:01:32","modified_gmt":"2025-11-10T06:01:32","slug":"trojnik-z-tworzywa-do-weza-1-2-125mm","status":"publish","type":"product","link":"https:\/\/apli-tech.pl\/?product=trojnik-z-tworzywa-do-weza-1-2-125mm","title":{"rendered":"Tr\u00f3jnik z tworzywa do w\u0119\u017ca 1\/2 12,5mm"},"content":{"rendered":"<p>Tr\u00f3jnik do w\u0119\u017ca 1\/2 o \u015brednicy wewn\u0119trznej 12,5mm<\/p>\n","protected":false},"excerpt":{"rendered":"<p>Tr\u00f3jnik do w\u0119\u017ca 1\/2 o \u015brednicy wewn\u0119trznej 12,5mm<\/p>\n","protected":false},"featured_media":939,"comment_status":"open","ping_status":"closed","template":"","meta":[],"product_brand":[],"product_cat":[42,54,41],"product_tag":[],"class_list":{"0":"post-984","1":"product","2":"type-product","3":"status-publish","4":"has-post-thumbnail","6":"product_cat-do-zakiszania","7":"product_cat-uklad-hydrauliczny","8":"product_cat-zaprawianie-ziemniakow","9":"product_shipping_class-serwis","11":"first","12":"instock","13":"taxable","14":"shipping-taxable","15":"purchasable","16":"product-type-simple"},"_links":{"self":[{"href":"https:\/\/apli-tech.pl\/index.php?rest_route=\/wp\/v2\/product\/984","targetHints":{"allow":["GET"]}}],"collection":[{"href":"https:\/\/apli-tech.pl\/index.php?rest_route=\/wp\/v2\/product"}],"about":[{"href":"https:\/\/apli-tech.pl\/index.php?rest_route=\/wp\/v2\/types\/product"}],"replies":[{"embeddable":true,"href":"https:\/\/apli-tech.pl\/index.php?rest_route=%2Fwp%2Fv2%2Fcomments&post=984"}],"version-history":[{"count":1,"href":"https:\/\/apli-tech.pl\/index.php?rest_route=\/wp\/v2\/product\/984\/revisions"}],"predecessor-version":[{"id":985,"href":"https:\/\/apli-tech.pl\/index.php?rest_route=\/wp\/v2\/product\/984\/revisions\/985"}],"wp:featuredmedia":[{"embeddable":true,"href":"https:\/\/apli-tech.pl\/index.php?rest_route=\/wp\/v2\/media\/939"}],"wp:attachment":[{"href":"https:\/\/apli-tech.pl\/index.php?rest_route=%2Fwp%2Fv2%2Fmedia&parent=984"}],"wp:term":[{"taxonomy":"product_brand","embeddable":true,"href":"https:\/\/apli-tech.pl\/index.php?rest_route=%2Fwp%2Fv2%2Fproduct_brand&post=984"},{"taxonomy":"product_cat","embeddable":true,"href":"https:\/\/apli-tech.pl\/index.php?rest_route=%2Fwp%2Fv2%2Fproduct_cat&post=984"},{"taxonomy":"product_tag","embeddable":true,"href":"https:\/\/apli-tech.pl\/index.php?rest_route=%2Fwp%2Fv2%2Fproduct_tag&post=984"}],"curies":[{"name":"wp","href":"https:\/\/api.w.org\/{rel}","templated":true}]}}