{"id":753,"date":"2025-02-23T06:47:20","date_gmt":"2025-02-23T05:47:20","guid":{"rendered":"https:\/\/apli-tech.pl\/?post_type=product&#038;p=753"},"modified":"2026-04-08T18:16:59","modified_gmt":"2026-04-08T16:16:59","slug":"rozpylacz-do-zaprawiania-ziemniakow-hypro-hcx-2","status":"publish","type":"product","link":"https:\/\/apli-tech.pl\/?product=rozpylacz-do-zaprawiania-ziemniakow-hypro-hcx-2","title":{"rendered":"Rozpylacz do zaprawiania ziemniak\u00f3w Hypro HCX-2"},"content":{"rendered":"\t\t<div data-elementor-type=\"wp-post\" data-elementor-id=\"753\" class=\"elementor elementor-753\">\n\t\t\t\t\t\t<section class=\"elementor-section elementor-top-section elementor-element elementor-element-75b2064c elementor-section-boxed elementor-section-height-default elementor-section-height-default\" data-id=\"75b2064c\" data-element_type=\"section\" data-e-type=\"section\">\n\t\t\t\t\t\t<div class=\"elementor-container elementor-column-gap-default\">\n\t\t\t\t\t<div class=\"elementor-column elementor-col-100 elementor-top-column elementor-element elementor-element-79684169\" data-id=\"79684169\" data-element_type=\"column\" data-e-type=\"column\">\n\t\t\t<div class=\"elementor-widget-wrap elementor-element-populated\">\n\t\t\t\t\t\t<div class=\"elementor-element elementor-element-1d1dc15a elementor-widget elementor-widget-text-editor\" data-id=\"1d1dc15a\" data-element_type=\"widget\" data-e-type=\"widget\" data-widget_type=\"text-editor.default\">\n\t\t\t\t<div class=\"elementor-widget-container\">\n\t\t\t\t\t\t\t\t\t<h3>Rozpylacz do zaprawiania ziemniak\u00f3w na sadzarce.<\/h3>\n<p>Rozpylacz charakteryzuje si\u0119 niskim k\u0105tem pracy, skutecznym pokryciem i bardzo wysok\u0105 trwa\u0142o\u015bci\u0105.<\/p>\n<p>Producent &#8211; Hypro<\/p>\n<p>Rodzaj &#8211; przemys\u0142owy, pier\u015bcieniowy<\/p>\n<p>Model &#8211; HCX2<\/p>\n<p>Kolor &#8211; bia\u0142y<\/p><p>Wymagana filtracja: <strong><span style=\"color: #2ccc00;\">MESH 100<\/span><\/strong><\/p>\n<p><\/p>\t\t\t\t\t\t\t\t<\/div>\n\t\t\t\t<\/div>\n\t\t\t\t\t<\/div>\n\t\t<\/div>\n\t\t\t\t\t<\/div>\n\t\t<\/section>\n\t\t\t\t<\/div>\n\t\t","protected":false},"excerpt":{"rendered":"<p>Rozpylacz do zaprawiania ziemniak\u00f3w na sadzarce. Rozpylacz charakteryzuje si\u0119 niskim k\u0105tem pracy, skutecznym pokryciem i bardzo wysok\u0105 trwa\u0142o\u015bci\u0105. Producent &#8211; Hypro Rodzaj &#8211; przemys\u0142owy, pier\u015bcieniowy Model &#8211; HCX2 Kolor &#8211; bia\u0142y Wymagana filtracja: MESH 100<\/p>\n","protected":false},"featured_media":579,"comment_status":"closed","ping_status":"closed","template":"","meta":[],"product_brand":[],"product_cat":[39,41],"product_tag":[],"class_list":{"0":"post-753","1":"product","2":"type-product","3":"status-publish","4":"has-post-thumbnail","6":"product_cat-rozpylacze","7":"product_cat-zaprawianie-ziemniakow","8":"product_shipping_class-serwis","10":"first","11":"instock","12":"taxable","13":"shipping-taxable","14":"purchasable","15":"product-type-simple"},"_links":{"self":[{"href":"https:\/\/apli-tech.pl\/index.php?rest_route=\/wp\/v2\/product\/753","targetHints":{"allow":["GET"]}}],"collection":[{"href":"https:\/\/apli-tech.pl\/index.php?rest_route=\/wp\/v2\/product"}],"about":[{"href":"https:\/\/apli-tech.pl\/index.php?rest_route=\/wp\/v2\/types\/product"}],"replies":[{"embeddable":true,"href":"https:\/\/apli-tech.pl\/index.php?rest_route=%2Fwp%2Fv2%2Fcomments&post=753"}],"version-history":[{"count":4,"href":"https:\/\/apli-tech.pl\/index.php?rest_route=\/wp\/v2\/product\/753\/revisions"}],"predecessor-version":[{"id":1050,"href":"https:\/\/apli-tech.pl\/index.php?rest_route=\/wp\/v2\/product\/753\/revisions\/1050"}],"wp:featuredmedia":[{"embeddable":true,"href":"https:\/\/apli-tech.pl\/index.php?rest_route=\/wp\/v2\/media\/579"}],"wp:attachment":[{"href":"https:\/\/apli-tech.pl\/index.php?rest_route=%2Fwp%2Fv2%2Fmedia&parent=753"}],"wp:term":[{"taxonomy":"product_brand","embeddable":true,"href":"https:\/\/apli-tech.pl\/index.php?rest_route=%2Fwp%2Fv2%2Fproduct_brand&post=753"},{"taxonomy":"product_cat","embeddable":true,"href":"https:\/\/apli-tech.pl\/index.php?rest_route=%2Fwp%2Fv2%2Fproduct_cat&post=753"},{"taxonomy":"product_tag","embeddable":true,"href":"https:\/\/apli-tech.pl\/index.php?rest_route=%2Fwp%2Fv2%2Fproduct_tag&post=753"}],"curies":[{"name":"wp","href":"https:\/\/api.w.org\/{rel}","templated":true}]}}