{"id":744,"date":"2025-02-23T06:24:27","date_gmt":"2025-02-23T05:24:27","guid":{"rendered":"https:\/\/apli-tech.pl\/?post_type=product&#038;p=744"},"modified":"2025-11-09T13:11:50","modified_gmt":"2025-11-09T12:11:50","slug":"rozpylacz-ezektorowy-hypro-uld-120-025-fioletowy-niski-kompaktowy-kopia","status":"publish","type":"product","link":"https:\/\/apli-tech.pl\/?product=rozpylacz-ezektorowy-hypro-uld-120-025-fioletowy-niski-kompaktowy-kopia","title":{"rendered":"Rozpylacz e\u017cektorowy Hypro ULD 120 025 fioletowy niski kompaktowy (Kopia)"},"content":{"rendered":"<p>Rozpylacz e\u017cektorowy marki Hypro ULD 120 025<br \/>\nJest to kompaktowa dysza redukuj\u0105ca znoszenie powietrza z grubymi, wype\u0142nionymi powietrzem kroplami i g\u0119stym strumieniem oprysku. Nadaje si\u0119 do aktywnych glebowo lub przemieszczanych oprysk\u00f3w dolistnych na wi\u0119kszych obiektach.<br \/>\nRozpylacze Hypro to wysoka jako\u015b\u0107 produktu.<\/p>\n<p>&nbsp;<\/p>\n","protected":false},"excerpt":{"rendered":"<p>Rozpylacz e\u017cektorowy marki Hypro ULD 120 025 Jest to kompaktowa dysza redukuj\u0105ca znoszenie powietrza z grubymi, wype\u0142nionymi powietrzem kroplami i g\u0119stym strumieniem oprysku. Nadaje si\u0119 do aktywnych glebowo lub przemieszczanych oprysk\u00f3w dolistnych na wi\u0119kszych obiektach. Rozpylacze Hypro to wysoka jako\u015b\u0107 produktu. &nbsp;<\/p>\n","protected":false},"featured_media":740,"comment_status":"closed","ping_status":"closed","template":"","meta":[],"product_brand":[],"product_cat":[42,39],"product_tag":[],"class_list":{"0":"post-744","1":"product","2":"type-product","3":"status-publish","4":"has-post-thumbnail","6":"product_cat-do-zakiszania","7":"product_cat-rozpylacze","8":"product_shipping_class-serwis","10":"first","11":"instock","12":"taxable","13":"shipping-taxable","14":"purchasable","15":"product-type-simple"},"_links":{"self":[{"href":"https:\/\/apli-tech.pl\/index.php?rest_route=\/wp\/v2\/product\/744","targetHints":{"allow":["GET"]}}],"collection":[{"href":"https:\/\/apli-tech.pl\/index.php?rest_route=\/wp\/v2\/product"}],"about":[{"href":"https:\/\/apli-tech.pl\/index.php?rest_route=\/wp\/v2\/types\/product"}],"replies":[{"embeddable":true,"href":"https:\/\/apli-tech.pl\/index.php?rest_route=%2Fwp%2Fv2%2Fcomments&post=744"}],"version-history":[{"count":1,"href":"https:\/\/apli-tech.pl\/index.php?rest_route=\/wp\/v2\/product\/744\/revisions"}],"predecessor-version":[{"id":881,"href":"https:\/\/apli-tech.pl\/index.php?rest_route=\/wp\/v2\/product\/744\/revisions\/881"}],"wp:featuredmedia":[{"embeddable":true,"href":"https:\/\/apli-tech.pl\/index.php?rest_route=\/wp\/v2\/media\/740"}],"wp:attachment":[{"href":"https:\/\/apli-tech.pl\/index.php?rest_route=%2Fwp%2Fv2%2Fmedia&parent=744"}],"wp:term":[{"taxonomy":"product_brand","embeddable":true,"href":"https:\/\/apli-tech.pl\/index.php?rest_route=%2Fwp%2Fv2%2Fproduct_brand&post=744"},{"taxonomy":"product_cat","embeddable":true,"href":"https:\/\/apli-tech.pl\/index.php?rest_route=%2Fwp%2Fv2%2Fproduct_cat&post=744"},{"taxonomy":"product_tag","embeddable":true,"href":"https:\/\/apli-tech.pl\/index.php?rest_route=%2Fwp%2Fv2%2Fproduct_tag&post=744"}],"curies":[{"name":"wp","href":"https:\/\/api.w.org\/{rel}","templated":true}]}}