{"id":703,"date":"2025-02-02T07:50:33","date_gmt":"2025-02-02T06:50:33","guid":{"rendered":"https:\/\/apli-tech.pl\/?post_type=product&#038;p=703"},"modified":"2025-11-10T06:30:27","modified_gmt":"2025-11-10T05:30:27","slug":"siatka-filtra-ssawnego-zaprawiarki-aplikatora-przed-pompa-wybierz-wariant","status":"publish","type":"product","link":"https:\/\/apli-tech.pl\/?product=siatka-filtra-ssawnego-zaprawiarki-aplikatora-przed-pompa-wybierz-wariant","title":{"rendered":"Siatka filtra ssawnego zaprawiarki aplikatora Apli-Tech przed pomp\u0105 &#8211; wybierz rozmiar"},"content":{"rendered":"<p>Siatka filtra ssawnego\/liniowego stosowanego we wszystkich urz\u0105dzeniach Apli-Tech. Siatka wykonana ze stali nierdzewnej o r\u00f3\u017cnym stopniu filtracji w zale\u017cno\u015bci od stosowanych rozpylaczy. Stopie\u0144 filtracji klasyfikowany jest jako MESH, oznacza ilo\u015b\u0107 oczek na 1 cal.\u00a0 \u00a0 Im wi\u0119ksza warto\u015b\u0107 jednostki mesh, tym mniejsza wielko\u015b\u0107 oczek w siatce filtracyjnej<\/p>\n<p>Czerwona Mesh 32,<\/p>\n<p>Niebieska Mesh 50,<\/p>\n<p>\u017b\u00f3\u0142ta Mesh 80,<\/p>\n<p>Zielona Mesh 100,<\/p>\n","protected":false},"excerpt":{"rendered":"<p>Siatka filtra ssawnego\/liniowego stosowanego we wszystkich urz\u0105dzeniach Apli-Tech. Siatka wykonana ze stali nierdzewnej o r\u00f3\u017cnym stopniu filtracji w zale\u017cno\u015bci od stosowanych rozpylaczy. Stopie\u0144 filtracji klasyfikowany jest jako MESH, oznacza ilo\u015b\u0107 oczek na 1 cal.\u00a0 \u00a0 Im wi\u0119ksza warto\u015b\u0107 jednostki mesh, tym mniejsza wielko\u015b\u0107 oczek w siatce filtracyjnej Czerwona Mesh 32, Niebieska Mesh 50, \u017b\u00f3\u0142ta Mesh 80, Zielona Mesh 100,<\/p>\n","protected":false},"featured_media":712,"comment_status":"closed","ping_status":"closed","template":"","meta":[],"product_brand":[],"product_cat":[53],"product_tag":[],"class_list":{"0":"post-703","1":"product","2":"type-product","3":"status-publish","4":"has-post-thumbnail","6":"product_cat-filtry-filtracja-cieczy","7":"product_shipping_class-serwis","9":"first","10":"instock","11":"taxable","12":"shipping-taxable","13":"purchasable","14":"product-type-variable"},"_links":{"self":[{"href":"https:\/\/apli-tech.pl\/index.php?rest_route=\/wp\/v2\/product\/703","targetHints":{"allow":["GET"]}}],"collection":[{"href":"https:\/\/apli-tech.pl\/index.php?rest_route=\/wp\/v2\/product"}],"about":[{"href":"https:\/\/apli-tech.pl\/index.php?rest_route=\/wp\/v2\/types\/product"}],"replies":[{"embeddable":true,"href":"https:\/\/apli-tech.pl\/index.php?rest_route=%2Fwp%2Fv2%2Fcomments&post=703"}],"version-history":[{"count":3,"href":"https:\/\/apli-tech.pl\/index.php?rest_route=\/wp\/v2\/product\/703\/revisions"}],"predecessor-version":[{"id":1032,"href":"https:\/\/apli-tech.pl\/index.php?rest_route=\/wp\/v2\/product\/703\/revisions\/1032"}],"wp:featuredmedia":[{"embeddable":true,"href":"https:\/\/apli-tech.pl\/index.php?rest_route=\/wp\/v2\/media\/712"}],"wp:attachment":[{"href":"https:\/\/apli-tech.pl\/index.php?rest_route=%2Fwp%2Fv2%2Fmedia&parent=703"}],"wp:term":[{"taxonomy":"product_brand","embeddable":true,"href":"https:\/\/apli-tech.pl\/index.php?rest_route=%2Fwp%2Fv2%2Fproduct_brand&post=703"},{"taxonomy":"product_cat","embeddable":true,"href":"https:\/\/apli-tech.pl\/index.php?rest_route=%2Fwp%2Fv2%2Fproduct_cat&post=703"},{"taxonomy":"product_tag","embeddable":true,"href":"https:\/\/apli-tech.pl\/index.php?rest_route=%2Fwp%2Fv2%2Fproduct_tag&post=703"}],"curies":[{"name":"wp","href":"https:\/\/api.w.org\/{rel}","templated":true}]}}