{"id":162,"date":"2023-08-02T23:55:33","date_gmt":"2023-08-02T21:55:33","guid":{"rendered":"http:\/\/apli-tech.pl\/?post_type=product&#038;p=162"},"modified":"2025-11-09T07:10:21","modified_gmt":"2025-11-09T06:10:21","slug":"zaprawiarka-do-zboza-az-100-shu-1x","status":"publish","type":"product","link":"https:\/\/apli-tech.pl\/?product=zaprawiarka-do-zboza-az-100-shu-1x","title":{"rendered":"Zaprawiarka do nasion AZ-100 SHU 1X (1 rozpylacz zaprawiaj\u0105cy)"},"content":{"rendered":"<table class=\"woocommerce-product-attributes shop_attributes\">\n<tbody>\n<tr>\n<td width=\"240\">ILO\u015a\u0106 ROZPYLACZY ZAPRAWIAJ\u0104CYCH<\/td>\n<td width=\"240\">1<\/td>\n<\/tr>\n<tr>\n<td width=\"240\">\u015aREDNICA PRZENO\u015aNIKA WSP\u00d3\u0141PRACUJ\u0104CEGO<\/td>\n<td width=\"240\">100-160 mm<\/td>\n<\/tr>\n<tr>\n<td width=\"240\">D\u0141UGO\u015a\u0106 PRZENO\u015aNIKA<\/td>\n<td width=\"240\">4-12 m<\/td>\n<\/tr>\n<tr>\n<td width=\"240\">ZASILANIE<\/td>\n<td width=\"240\">230V AC \/ 12VDC<\/td>\n<\/tr>\n<tr>\n<td width=\"240\">FILTRACJA CIECZY<\/td>\n<td width=\"240\">3 \u2013 STOPNIOWA<\/td>\n<\/tr>\n<tr>\n<td width=\"240\">WYDAJNO\u015a\u0106<\/td>\n<td width=\"240\">DO 8T\/H<\/td>\n<\/tr>\n<tr>\n<td width=\"240\">POJEMNO\u015a\u0106 ZBIORNIKA NA CIECZ<\/td>\n<td width=\"240\">100 LTR<\/td>\n<\/tr>\n<tr>\n<td width=\"240\">MIESZANIE CIECZY<\/td>\n<td width=\"240\">TAK<\/td>\n<\/tr>\n<\/tbody>\n<\/table>\n","protected":false},"excerpt":{"rendered":"<div class=\"overflow-x-auto relative\" dir=\"auto\">\n<div>\n<p><strong>Zaprawiarka do nasion montowana na przeno\u015bnik \u015blimakowy ze zbiornikiem o pojemno\u015bci 100 ltr na roztw\u00f3r oraz 1 rozpylaczem zaprawiaj\u0105cym<\/strong><\/p>\n<\/div>\n<\/div>\n<div class=\"overflow-x-auto relative\" dir=\"auto\">\n<p><strong>Zaprawiarka do nasion Apli-Tech AZ-100 SHU 1X<\/strong> to innowacyjne urz\u0105dzenie, kt\u00f3re znacz\u0105co usprawnia proces zaprawiania nasion w rolnictwie. Przeznaczona do monta\u017cu na przeno\u015bniku \u015blimakowym, \u0142\u0105czy w sobie zaawansowan\u0105 technologi\u0119 z \u0142atwo\u015bci\u0105 obs\u0142ugi, co czyni j\u0105 idealnym rozwi\u0105zaniem dla nowoczesnych gospodarstw rolnych.<\/p>\n<p><strong>Kalibrowane przystawki na przeno\u015bnik \u015blimakowy:<\/strong><\/p>\n<p>W naszej ofercie pojawi\u0142a si\u0119 mo\u017cliwo\u015b\u0107 wyboru przystawek kalibrowanych. Do wyboru dla modelu z <strong>1 rozpylaczem<\/strong> jest przystawka\u00a0 \u00a0 \u00a0 <strong>110 mm<\/strong> (dla przeno\u015bnik\u00f3w 100-125) oraz <strong>140 mm<\/strong> (dla przeno\u015bnik\u00f3w 125-160). <strong>W uwagach do zam\u00f3wienia<\/strong> prosz\u0119 wpisa\u0107 \u015brednic\u0119 przeno\u015bnika lub rozmiar przystawki. Standardowo bez wyboru wysy\u0142ana jest uniwerslana o rozmiarze<strong> 140 mm<\/strong><\/p>\n<p>&nbsp;<\/p>\n<\/div>\n<div class=\"overflow-x-auto relative\" dir=\"auto\">\n<div>\n<p><strong>Kluczowe cechy produktu:<\/strong><\/p>\n<\/div>\n<\/div>\n<div class=\"overflow-x-auto relative\" dir=\"auto\">\n<div>\n<ol>\n<li><strong>Wysoka efektywno\u015b\u0107:<\/strong> Zaprawiarka zapewnia r\u00f3wnomierne pokrycie nasion zapraw\u0105, co zwi\u0119ksza ich odporno\u015b\u0107 na choroby i szkodniki. Dzi\u0119ki temu, nasiona s\u0105 lepiej przygotowane do wzrostu.<\/li>\n<\/ol>\n<\/div>\n<\/div>\n<div class=\"overflow-x-auto relative\" dir=\"auto\">\n<div>\n<ol start=\"2\">\n<li><strong>Prosty monta\u017c:<\/strong> Urz\u0105dzenie zosta\u0142o zaprojektowane z my\u015bl\u0105 o \u0142atwej instalacji na przeno\u015bniku \u015blimakowym,<\/li>\n<\/ol>\n<\/div>\n<\/div>\n<div class=\"overflow-x-auto relative\" dir=\"auto\">\n<div>\n<ol start=\"3\">\n<li><strong>Precyzyjne dozowanie oraz solidna konstrukcja:<\/strong> Zastosowanie podzespo\u0142\u00f3w najwy\u017cszej jako\u015bci oraz wiod\u0105cych producent\u00f3w takich jak Shurflo, Arag, Tecomec, Mean Well\u00a0 gwarantuje precyzj\u0119 pracy oraz trwa\u0142o\u015b\u0107 urz\u0105dzenia. Wykonana z wysokiej jako\u015bci materia\u0142\u00f3w, zaprawiarka jest odporna na dzia\u0142anie chemikali\u00f3w oraz warunk\u00f3w atmosferycznych, co zapewnia jej d\u0142ugotrwa\u0142\u0105 i bezawaryjn\u0105 prac\u0119.<\/li>\n<li><strong>\u0141atwa obs\u0142uga:<\/strong> Intuicyjny panel steruj\u0105cy umo\u017cliwia szybkie dostosowanie ustawie\u0144 do potrzeb u\u017cytkownika, co sprawia, \u017ce obs\u0142uga urz\u0105dzenia jest prosta i wygodna.<\/li>\n<li><strong>Uniwersalne zastosowanie:<\/strong> Zaprawiarka doskonale sprawdzi si\u0119 w r\u00f3\u017cnych typach upraw, zar\u00f3wno w rolnictwie, jak i ogrodnictwie, zapewniaj\u0105c wszechstronno\u015b\u0107 i elastyczno\u015b\u0107.<\/li>\n<\/ol>\n<\/div>\n<\/div>\n<div class=\"overflow-x-auto relative\" dir=\"auto\"><\/div>\n<div class=\"overflow-x-auto relative\" dir=\"auto\">\n<div>\n<p><strong>Korzy\u015bci z u\u017cytkowania:<\/strong><\/p>\n<\/div>\n<\/div>\n<div class=\"overflow-x-auto relative\" dir=\"auto\">\n<div>\n<ul>\n<li>Zwi\u0119kszenie plon\u00f3w dzi\u0119ki lepszemu przygotowaniu nasion.<\/li>\n<li>Ochrona upraw przed chorobami i szkodnikami.<\/li>\n<li>Oszcz\u0119dno\u015b\u0107 czasu i materia\u0142\u00f3w dzi\u0119ki efektywnemu procesowi zaprawiania.<\/li>\n<li>Wsparcie dla zr\u00f3wnowa\u017conego rozwoju gospodarstw rolnych.<\/li>\n<\/ul>\n<\/div>\n<\/div>\n<div class=\"overflow-x-auto relative\" dir=\"auto\">\n<div>\n<p>Zaprawiarka do nasion montowana na przeno\u015bnik \u015blimakowy to kluczowe narz\u0119dzie, kt\u00f3re poprawia jako\u015b\u0107 upraw i wspiera rolnik\u00f3w w d\u0105\u017ceniu do osi\u0105gania lepszych wynik\u00f3w. Dzi\u0119ki niej, ka\u017cdy siew staje si\u0119 bardziej efektywny i przemy\u015blany.<\/p>\n<\/div>\n<\/div>\n","protected":false},"featured_media":144,"comment_status":"closed","ping_status":"closed","template":"","meta":[],"product_brand":[],"product_cat":[20],"product_tag":[],"class_list":{"0":"post-162","1":"product","2":"type-product","3":"status-publish","4":"has-post-thumbnail","6":"product_cat-zaprawiarki-do-zboza","7":"product_shipping_class-gabaryt","9":"first","10":"instock","11":"featured","12":"taxable","13":"shipping-taxable","14":"purchasable","15":"product-type-simple"},"_links":{"self":[{"href":"https:\/\/apli-tech.pl\/index.php?rest_route=\/wp\/v2\/product\/162","targetHints":{"allow":["GET"]}}],"collection":[{"href":"https:\/\/apli-tech.pl\/index.php?rest_route=\/wp\/v2\/product"}],"about":[{"href":"https:\/\/apli-tech.pl\/index.php?rest_route=\/wp\/v2\/types\/product"}],"replies":[{"embeddable":true,"href":"https:\/\/apli-tech.pl\/index.php?rest_route=%2Fwp%2Fv2%2Fcomments&post=162"}],"version-history":[{"count":2,"href":"https:\/\/apli-tech.pl\/index.php?rest_route=\/wp\/v2\/product\/162\/revisions"}],"predecessor-version":[{"id":906,"href":"https:\/\/apli-tech.pl\/index.php?rest_route=\/wp\/v2\/product\/162\/revisions\/906"}],"wp:featuredmedia":[{"embeddable":true,"href":"https:\/\/apli-tech.pl\/index.php?rest_route=\/wp\/v2\/media\/144"}],"wp:attachment":[{"href":"https:\/\/apli-tech.pl\/index.php?rest_route=%2Fwp%2Fv2%2Fmedia&parent=162"}],"wp:term":[{"taxonomy":"product_brand","embeddable":true,"href":"https:\/\/apli-tech.pl\/index.php?rest_route=%2Fwp%2Fv2%2Fproduct_brand&post=162"},{"taxonomy":"product_cat","embeddable":true,"href":"https:\/\/apli-tech.pl\/index.php?rest_route=%2Fwp%2Fv2%2Fproduct_cat&post=162"},{"taxonomy":"product_tag","embeddable":true,"href":"https:\/\/apli-tech.pl\/index.php?rest_route=%2Fwp%2Fv2%2Fproduct_tag&post=162"}],"curies":[{"name":"wp","href":"https:\/\/api.w.org\/{rel}","templated":true}]}}