{"id":157,"date":"2023-08-02T23:31:08","date_gmt":"2023-08-02T21:31:08","guid":{"rendered":"http:\/\/apli-tech.pl\/?post_type=product&#038;p=157"},"modified":"2025-11-09T07:10:21","modified_gmt":"2025-11-09T06:10:21","slug":"zaprawiarka-do-ziemniakow-az-200-shu-4-rzedowa","status":"publish","type":"product","link":"https:\/\/apli-tech.pl\/?product=zaprawiarka-do-ziemniakow-az-200-shu-4-rzedowa","title":{"rendered":"Zaprawiarka do ziemniak\u00f3w AZ-200 SHU &#8211; 4-rz\u0119dowa"},"content":{"rendered":"<table class=\"woocommerce-product-attributes shop_attributes\">\n<tbody>\n<tr>\n<td width=\"49%\">SPOS\u00d3B NATRYSKU<\/td>\n<td width=\"50%\">CI\u015aNIENIOWY<\/td>\n<\/tr>\n<tr>\n<td width=\"49%\">RODZAJ ROZPYLACZY<\/td>\n<td width=\"50%\">PRZEMYS\u0141OWE\/PIER\u015aCIENIOWE<\/td>\n<\/tr>\n<tr>\n<td width=\"49%\">PRZYK\u0141ADOWA WYDAJNO\u015a\u0106<\/p>\n<p>PR\u0118DKO\u015a\u0106 5km\/h, ROZSTAW MIEDZYRZ\u0118DZI 75cm<\/td>\n<td width=\"50%\">18-163 LTR\/HEKTAR<\/td>\n<\/tr>\n<tr>\n<td width=\"49%\">ZASILANIE<\/td>\n<td width=\"50%\">12VDC<\/td>\n<\/tr>\n<tr>\n<td width=\"49%\">FILTRACJA CIECZY<\/td>\n<td width=\"50%\">3 \u2013 STOPNIOWA<\/td>\n<\/tr>\n<tr>\n<td width=\"49%\">CI\u015aNIENIE ROBOCZE<\/td>\n<td width=\"50%\">0,5-5 BAR<\/td>\n<\/tr>\n<tr>\n<td width=\"49%\">POJEMNO\u015a\u0106 ZBIORNIKA NA CIECZ<\/td>\n<td width=\"50%\">200 LTR<\/td>\n<\/tr>\n<tr>\n<td width=\"49%\">MIESZANIE CIECZY<\/td>\n<td width=\"50%\">TAK \u2013 2 STOPNIOWE<\/td>\n<\/tr>\n<tr>\n<td width=\"49%\">RODZAJ STOSOWANYCH \u015aRODK\u00d3W<\/td>\n<td width=\"50%\">BIOLOGICZNE \/CHEMICZNE<\/td>\n<\/tr>\n<tr>\n<td width=\"49%\">ILO\u015a\u0106 DYSZ NATRYSKUJ\u0104CYCH<\/td>\n<td width=\"50%\">2 SZT NA 1 RZ\u0104D SADZARKI<\/td>\n<\/tr>\n<\/tbody>\n<\/table>\n","protected":false},"excerpt":{"rendered":"<p>Zaprawiarka do ziemniak\u00f3w jest urz\u0105dzeniem<br \/>\ns\u0142u\u017c\u0105cym do aplikacji \u015brodk\u00f3w zaprawiaj\u0105cych bulw\u0119<br \/>\nziemniaka.<\/p>\n","protected":false},"featured_media":152,"comment_status":"closed","ping_status":"closed","template":"","meta":[],"product_brand":[],"product_cat":[19],"product_tag":[],"class_list":{"0":"post-157","1":"product","2":"type-product","3":"status-publish","4":"has-post-thumbnail","6":"product_cat-zaprawiarki-do-ziemniakow","7":"product_shipping_class-paleta","9":"first","10":"instock","11":"sold-individually","12":"taxable","13":"shipping-taxable","14":"purchasable","15":"product-type-simple"},"_links":{"self":[{"href":"https:\/\/apli-tech.pl\/index.php?rest_route=\/wp\/v2\/product\/157","targetHints":{"allow":["GET"]}}],"collection":[{"href":"https:\/\/apli-tech.pl\/index.php?rest_route=\/wp\/v2\/product"}],"about":[{"href":"https:\/\/apli-tech.pl\/index.php?rest_route=\/wp\/v2\/types\/product"}],"replies":[{"embeddable":true,"href":"https:\/\/apli-tech.pl\/index.php?rest_route=%2Fwp%2Fv2%2Fcomments&post=157"}],"version-history":[{"count":2,"href":"https:\/\/apli-tech.pl\/index.php?rest_route=\/wp\/v2\/product\/157\/revisions"}],"predecessor-version":[{"id":909,"href":"https:\/\/apli-tech.pl\/index.php?rest_route=\/wp\/v2\/product\/157\/revisions\/909"}],"wp:featuredmedia":[{"embeddable":true,"href":"https:\/\/apli-tech.pl\/index.php?rest_route=\/wp\/v2\/media\/152"}],"wp:attachment":[{"href":"https:\/\/apli-tech.pl\/index.php?rest_route=%2Fwp%2Fv2%2Fmedia&parent=157"}],"wp:term":[{"taxonomy":"product_brand","embeddable":true,"href":"https:\/\/apli-tech.pl\/index.php?rest_route=%2Fwp%2Fv2%2Fproduct_brand&post=157"},{"taxonomy":"product_cat","embeddable":true,"href":"https:\/\/apli-tech.pl\/index.php?rest_route=%2Fwp%2Fv2%2Fproduct_cat&post=157"},{"taxonomy":"product_tag","embeddable":true,"href":"https:\/\/apli-tech.pl\/index.php?rest_route=%2Fwp%2Fv2%2Fproduct_tag&post=157"}],"curies":[{"name":"wp","href":"https:\/\/api.w.org\/{rel}","templated":true}]}}