{"id":150,"date":"2023-08-02T23:28:09","date_gmt":"2023-08-02T21:28:09","guid":{"rendered":"http:\/\/apli-tech.pl\/?post_type=product&#038;p=150"},"modified":"2025-11-23T07:52:38","modified_gmt":"2025-11-23T06:52:38","slug":"zaprawiarka-do-ziemniakow-az-100-shu-4-rzedowa","status":"publish","type":"product","link":"https:\/\/apli-tech.pl\/?product=zaprawiarka-do-ziemniakow-az-100-shu-4-rzedowa","title":{"rendered":"Zaprawiarka do ziemniak\u00f3w AZ-100 SHU 4 -rz\u0119dowa"},"content":{"rendered":"<table class=\"woocommerce-product-attributes shop_attributes\">\n<tbody>\n<tr>\n<td width=\"47%\">SPOS\u00d3B NATRYSKU<\/td>\n<td width=\"52%\">CI\u015aNIENIOWY<\/td>\n<\/tr>\n<tr>\n<td width=\"47%\">RODZAJ ROZPYLACZY<\/td>\n<td width=\"52%\">PRZEMYS\u0141OWE\/PIER\u015aCIENIOWE<\/td>\n<\/tr>\n<tr>\n<td width=\"47%\">PRZYK\u0141ADOWA WYDAJNO\u015a\u0106<\/p>\n<p>PR\u0118DKO\u015a\u0106 5km\/h, ROZSTAW MIEDZYRZ\u0118DZI 75cm<\/td>\n<td width=\"52%\">18-163 LTR\/HEKTAR<\/td>\n<\/tr>\n<tr>\n<td width=\"47%\">ZASILANIE<\/td>\n<td width=\"52%\">12VDC<\/td>\n<\/tr>\n<tr>\n<td width=\"47%\">FILTRACJA CIECZY<\/td>\n<td width=\"52%\">3 \u2013 STOPNIOWA<\/td>\n<\/tr>\n<tr>\n<td width=\"47%\">CI\u015aNIENIE ROBOCZE<\/td>\n<td width=\"52%\">0,5-5 BAR<\/td>\n<\/tr>\n<tr>\n<td width=\"47%\">POJEMNO\u015a\u0106 ZBIORNIKA NA CIECZ<\/td>\n<td width=\"52%\">100 LTR<\/td>\n<\/tr>\n<tr>\n<td width=\"47%\">MIESZANIE CIECZY<\/td>\n<td width=\"52%\">TAK \u2013 2 STOPNIOWE<\/td>\n<\/tr>\n<tr>\n<td width=\"47%\">RODZAJ STOSOWANYCH \u015aRODK\u00d3W<\/td>\n<td width=\"52%\">BIOLOGICZNE \/CHEMICZNE<\/td>\n<\/tr>\n<tr>\n<td width=\"47%\">ILO\u015a\u0106 DYSZ NATRYSKUJ\u0104CYCH<\/td>\n<td width=\"52%\">2 SZT NA 1 RZ\u0104D SADZARKI<\/td>\n<\/tr>\n<\/tbody>\n<\/table>\n<p>&nbsp;<\/p>\n<p>&nbsp;<\/p>\n","protected":false},"excerpt":{"rendered":"<p>Zaprawiarka do ziemniak\u00f3w jest urz\u0105dzeniem<br \/>\ns\u0142u\u017c\u0105cym do aplikacji \u015brodk\u00f3w zaprawiaj\u0105cych bulw\u0119<br \/>\nziemniaka.<\/p>\n","protected":false},"featured_media":144,"comment_status":"closed","ping_status":"closed","template":"","meta":[],"product_brand":[],"product_cat":[19],"product_tag":[],"class_list":{"0":"post-150","1":"product","2":"type-product","3":"status-publish","4":"has-post-thumbnail","6":"product_cat-zaprawiarki-do-ziemniakow","7":"product_shipping_class-gabaryt","9":"first","10":"instock","11":"taxable","12":"shipping-taxable","13":"purchasable","14":"product-type-simple"},"_links":{"self":[{"href":"https:\/\/apli-tech.pl\/index.php?rest_route=\/wp\/v2\/product\/150","targetHints":{"allow":["GET"]}}],"collection":[{"href":"https:\/\/apli-tech.pl\/index.php?rest_route=\/wp\/v2\/product"}],"about":[{"href":"https:\/\/apli-tech.pl\/index.php?rest_route=\/wp\/v2\/types\/product"}],"replies":[{"embeddable":true,"href":"https:\/\/apli-tech.pl\/index.php?rest_route=%2Fwp%2Fv2%2Fcomments&post=150"}],"version-history":[{"count":2,"href":"https:\/\/apli-tech.pl\/index.php?rest_route=\/wp\/v2\/product\/150\/revisions"}],"predecessor-version":[{"id":1144,"href":"https:\/\/apli-tech.pl\/index.php?rest_route=\/wp\/v2\/product\/150\/revisions\/1144"}],"wp:featuredmedia":[{"embeddable":true,"href":"https:\/\/apli-tech.pl\/index.php?rest_route=\/wp\/v2\/media\/144"}],"wp:attachment":[{"href":"https:\/\/apli-tech.pl\/index.php?rest_route=%2Fwp%2Fv2%2Fmedia&parent=150"}],"wp:term":[{"taxonomy":"product_brand","embeddable":true,"href":"https:\/\/apli-tech.pl\/index.php?rest_route=%2Fwp%2Fv2%2Fproduct_brand&post=150"},{"taxonomy":"product_cat","embeddable":true,"href":"https:\/\/apli-tech.pl\/index.php?rest_route=%2Fwp%2Fv2%2Fproduct_cat&post=150"},{"taxonomy":"product_tag","embeddable":true,"href":"https:\/\/apli-tech.pl\/index.php?rest_route=%2Fwp%2Fv2%2Fproduct_tag&post=150"}],"curies":[{"name":"wp","href":"https:\/\/api.w.org\/{rel}","templated":true}]}}