{"id":1052,"date":"2025-11-10T07:12:21","date_gmt":"2025-11-10T06:12:21","guid":{"rendered":"https:\/\/apli-tech.pl\/?post_type=product&#038;p=1052"},"modified":"2025-11-10T07:12:21","modified_gmt":"2025-11-10T06:12:21","slug":"sterownik-aplikatora-zaprawiarki-apli-tech-at-1","status":"publish","type":"product","link":"https:\/\/apli-tech.pl\/?product=sterownik-aplikatora-zaprawiarki-apli-tech-at-1","title":{"rendered":"Sterownik aplikatora\/zaprawiarki Apli-Tech AT-1"},"content":{"rendered":"<p>Sterownik Apli-Tech AT-1\u00a0 do wszystkich aplikator\u00f3w\/zaprawiarek o pr\u0105dzie pracy do 10A.<\/p>\n<p>Przew\u00f3d zasilania 12V z wtyczk\u0105 3-pin m\u0119sk\u0105 oraz przewodem o d\u0142ugo\u015bci 2m, przew\u00f3d pracy pomi\u0119dzy sterownikiem a aplikatorem\/zaprawiark\u0105 zako\u0144czony dedykowan\u0105 wtyczk\u0105 vo d\u0142ugo\u015bci 6m. Sterownik posiada kontrolk\u0119 pracy LED zielon\u0105 oraz wbudowane gniazdo bezpiecznika z zabezpieczeniem 15A.<\/p>\n","protected":false},"excerpt":{"rendered":"<p>Sterownik Apli-Tech AT-1\u00a0 do wszystkich aplikator\u00f3w\/zaprawiarek o pr\u0105dzie pracy do 10A. Przew\u00f3d zasilania 12V z wtyczk\u0105 3-pin m\u0119sk\u0105 oraz przewodem o d\u0142ugo\u015bci 2m, przew\u00f3d pracy pomi\u0119dzy sterownikiem a aplikatorem\/zaprawiark\u0105 zako\u0144czony dedykowan\u0105 wtyczk\u0105 vo d\u0142ugo\u015bci 6m. Sterownik posiada kontrolk\u0119 pracy LED zielon\u0105 oraz wbudowane gniazdo bezpiecznika z zabezpieczeniem 15A.<\/p>\n","protected":false},"featured_media":953,"comment_status":"open","ping_status":"closed","template":"","meta":[],"product_brand":[],"product_cat":[42,54,41,34],"product_tag":[],"class_list":{"0":"post-1052","1":"product","2":"type-product","3":"status-publish","4":"has-post-thumbnail","6":"product_cat-do-zakiszania","7":"product_cat-uklad-hydrauliczny","8":"product_cat-zaprawianie-ziemniakow","9":"product_cat-zestaw-do-montazu","10":"product_shipping_class-serwis","12":"first","13":"instock","14":"taxable","15":"shipping-taxable","16":"purchasable","17":"product-type-simple"},"_links":{"self":[{"href":"https:\/\/apli-tech.pl\/index.php?rest_route=\/wp\/v2\/product\/1052","targetHints":{"allow":["GET"]}}],"collection":[{"href":"https:\/\/apli-tech.pl\/index.php?rest_route=\/wp\/v2\/product"}],"about":[{"href":"https:\/\/apli-tech.pl\/index.php?rest_route=\/wp\/v2\/types\/product"}],"replies":[{"embeddable":true,"href":"https:\/\/apli-tech.pl\/index.php?rest_route=%2Fwp%2Fv2%2Fcomments&post=1052"}],"version-history":[{"count":1,"href":"https:\/\/apli-tech.pl\/index.php?rest_route=\/wp\/v2\/product\/1052\/revisions"}],"predecessor-version":[{"id":1053,"href":"https:\/\/apli-tech.pl\/index.php?rest_route=\/wp\/v2\/product\/1052\/revisions\/1053"}],"wp:featuredmedia":[{"embeddable":true,"href":"https:\/\/apli-tech.pl\/index.php?rest_route=\/wp\/v2\/media\/953"}],"wp:attachment":[{"href":"https:\/\/apli-tech.pl\/index.php?rest_route=%2Fwp%2Fv2%2Fmedia&parent=1052"}],"wp:term":[{"taxonomy":"product_brand","embeddable":true,"href":"https:\/\/apli-tech.pl\/index.php?rest_route=%2Fwp%2Fv2%2Fproduct_brand&post=1052"},{"taxonomy":"product_cat","embeddable":true,"href":"https:\/\/apli-tech.pl\/index.php?rest_route=%2Fwp%2Fv2%2Fproduct_cat&post=1052"},{"taxonomy":"product_tag","embeddable":true,"href":"https:\/\/apli-tech.pl\/index.php?rest_route=%2Fwp%2Fv2%2Fproduct_tag&post=1052"}],"curies":[{"name":"wp","href":"https:\/\/api.w.org\/{rel}","templated":true}]}}