{"id":1040,"date":"2025-11-10T06:45:57","date_gmt":"2025-11-10T05:45:57","guid":{"rendered":"https:\/\/apli-tech.pl\/?post_type=product&#038;p=1040"},"modified":"2025-11-10T07:00:21","modified_gmt":"2025-11-10T06:00:21","slug":"zawor-irygacyjny-1-2-na-waz-125mm-zamykajacy-sekcje","status":"publish","type":"product","link":"https:\/\/apli-tech.pl\/?product=zawor-irygacyjny-1-2-na-waz-125mm-zamykajacy-sekcje","title":{"rendered":"Zaw\u00f3r irygacyjny 1\/2&#8243; na w\u0105\u017c 12,5mm zamykaj\u0105cy sekcj\u0119"},"content":{"rendered":"<p>Zaw\u00f3r irygacyjny na w\u0105\u017c cieczy do zamykania sekcji, rozpylacza, obwodu, stosowany w uk\u0142adach hydraulicznych do zamykania dop\u0142ywu cieczy ze zbiornika do filtra ssawnego.\u00a0 Zaw\u00f3r mo\u017ce pracowa\u0107 z ci\u015bnieniem maksymalnym do 5 bar.<\/p>\n","protected":false},"excerpt":{"rendered":"<p>Zaw\u00f3r irygacyjny na w\u0105\u017c cieczy do zamykania sekcji, rozpylacza, obwodu, stosowany w uk\u0142adach hydraulicznych do zamykania dop\u0142ywu cieczy ze zbiornika do filtra ssawnego.\u00a0 Zaw\u00f3r mo\u017ce pracowa\u0107 z ci\u015bnieniem maksymalnym do 5 bar.<\/p>\n","protected":false},"featured_media":957,"comment_status":"closed","ping_status":"closed","template":"","meta":[],"product_brand":[],"product_cat":[42,54,41],"product_tag":[],"class_list":{"0":"post-1040","1":"product","2":"type-product","3":"status-publish","4":"has-post-thumbnail","6":"product_cat-do-zakiszania","7":"product_cat-uklad-hydrauliczny","8":"product_cat-zaprawianie-ziemniakow","9":"product_shipping_class-serwis","11":"first","12":"instock","13":"taxable","14":"shipping-taxable","15":"purchasable","16":"product-type-simple"},"_links":{"self":[{"href":"https:\/\/apli-tech.pl\/index.php?rest_route=\/wp\/v2\/product\/1040","targetHints":{"allow":["GET"]}}],"collection":[{"href":"https:\/\/apli-tech.pl\/index.php?rest_route=\/wp\/v2\/product"}],"about":[{"href":"https:\/\/apli-tech.pl\/index.php?rest_route=\/wp\/v2\/types\/product"}],"replies":[{"embeddable":true,"href":"https:\/\/apli-tech.pl\/index.php?rest_route=%2Fwp%2Fv2%2Fcomments&post=1040"}],"version-history":[{"count":2,"href":"https:\/\/apli-tech.pl\/index.php?rest_route=\/wp\/v2\/product\/1040\/revisions"}],"predecessor-version":[{"id":1046,"href":"https:\/\/apli-tech.pl\/index.php?rest_route=\/wp\/v2\/product\/1040\/revisions\/1046"}],"wp:featuredmedia":[{"embeddable":true,"href":"https:\/\/apli-tech.pl\/index.php?rest_route=\/wp\/v2\/media\/957"}],"wp:attachment":[{"href":"https:\/\/apli-tech.pl\/index.php?rest_route=%2Fwp%2Fv2%2Fmedia&parent=1040"}],"wp:term":[{"taxonomy":"product_brand","embeddable":true,"href":"https:\/\/apli-tech.pl\/index.php?rest_route=%2Fwp%2Fv2%2Fproduct_brand&post=1040"},{"taxonomy":"product_cat","embeddable":true,"href":"https:\/\/apli-tech.pl\/index.php?rest_route=%2Fwp%2Fv2%2Fproduct_cat&post=1040"},{"taxonomy":"product_tag","embeddable":true,"href":"https:\/\/apli-tech.pl\/index.php?rest_route=%2Fwp%2Fv2%2Fproduct_tag&post=1040"}],"curies":[{"name":"wp","href":"https:\/\/api.w.org\/{rel}","templated":true}]}}