{"id":77,"date":"2022-08-09T06:02:55","date_gmt":"2022-08-09T06:02:55","guid":{"rendered":"https:\/\/bizbergthemes.com\/green-globe\/?page_id=77"},"modified":"2023-08-02T23:05:54","modified_gmt":"2023-08-02T21:05:54","slug":"about-us","status":"publish","type":"page","link":"https:\/\/apli-tech.pl\/?page_id=77","title":{"rendered":"O nas"},"content":{"rendered":"\t\t<div data-elementor-type=\"wp-page\" data-elementor-id=\"77\" class=\"elementor elementor-77\">\n\t\t\t\t\t\t<section class=\"elementor-section elementor-top-section elementor-element elementor-element-47a7eca elementor-section-boxed elementor-section-height-default elementor-section-height-default\" data-id=\"47a7eca\" data-element_type=\"section\" data-e-type=\"section\">\n\t\t\t\t\t\t<div class=\"elementor-container elementor-column-gap-default\">\n\t\t\t\t\t<div class=\"elementor-column elementor-col-50 elementor-top-column elementor-element elementor-element-7fa333f\" data-id=\"7fa333f\" data-element_type=\"column\" data-e-type=\"column\">\n\t\t\t<div class=\"elementor-widget-wrap elementor-element-populated\">\n\t\t\t\t\t\t<div class=\"elementor-element elementor-element-65351ea elementor-widget elementor-widget-heading\" data-id=\"65351ea\" data-element_type=\"widget\" data-e-type=\"widget\" data-widget_type=\"heading.default\">\n\t\t\t\t<div class=\"elementor-widget-container\">\n\t\t\t\t\t<h1 class=\"elementor-heading-title elementor-size-default\">O Nas<\/h1>\t\t\t\t<\/div>\n\t\t\t\t<\/div>\n\t\t\t\t\t<\/div>\n\t\t<\/div>\n\t\t\t\t<div class=\"elementor-column elementor-col-50 elementor-top-column elementor-element elementor-element-7e0e0b3\" data-id=\"7e0e0b3\" data-element_type=\"column\" data-e-type=\"column\">\n\t\t\t<div class=\"elementor-widget-wrap elementor-element-populated\">\n\t\t\t\t\t\t<div class=\"elementor-element elementor-element-08c3884 elementor-widget elementor-widget-image\" data-id=\"08c3884\" data-element_type=\"widget\" data-e-type=\"widget\" data-widget_type=\"image.default\">\n\t\t\t\t<div class=\"elementor-widget-container\">\n\t\t\t\t\t\t\t\t\t\t\t\t\t\t\t<img fetchpriority=\"high\" decoding=\"async\" width=\"640\" height=\"278\" src=\"https:\/\/apli-tech.pl\/wp-content\/uploads\/2023\/08\/logo-1024x444.jpg\" class=\"attachment-large size-large wp-image-122\" alt=\"\" srcset=\"https:\/\/apli-tech.pl\/wp-content\/uploads\/2023\/08\/logo-1024x444.jpg 1024w, https:\/\/apli-tech.pl\/wp-content\/uploads\/2023\/08\/logo-300x130.jpg 300w, https:\/\/apli-tech.pl\/wp-content\/uploads\/2023\/08\/logo-768x333.jpg 768w, https:\/\/apli-tech.pl\/wp-content\/uploads\/2023\/08\/logo-1536x666.jpg 1536w, https:\/\/apli-tech.pl\/wp-content\/uploads\/2023\/08\/logo-920x400.jpg 920w, https:\/\/apli-tech.pl\/wp-content\/uploads\/2023\/08\/logo-600x260.jpg 600w, https:\/\/apli-tech.pl\/wp-content\/uploads\/2023\/08\/logo.jpg 1814w\" sizes=\"(max-width: 640px) 100vw, 640px\" \/>\t\t\t\t\t\t\t\t\t\t\t\t\t\t\t<\/div>\n\t\t\t\t<\/div>\n\t\t\t\t\t<\/div>\n\t\t<\/div>\n\t\t\t\t\t<\/div>\n\t\t<\/section>\n\t\t\t\t<section class=\"elementor-section elementor-top-section elementor-element elementor-element-6b1f6006 elementor-section-boxed elementor-section-height-default elementor-section-height-default\" data-id=\"6b1f6006\" data-element_type=\"section\" data-e-type=\"section\">\n\t\t\t\t\t\t<div class=\"elementor-container elementor-column-gap-default\">\n\t\t\t\t\t<div class=\"elementor-column elementor-col-100 elementor-top-column elementor-element elementor-element-6e466f6c\" data-id=\"6e466f6c\" data-element_type=\"column\" data-e-type=\"column\">\n\t\t\t<div class=\"elementor-widget-wrap elementor-element-populated\">\n\t\t\t\t\t\t<div class=\"elementor-element elementor-element-9f21339 elementor-widget elementor-widget-text-editor\" data-id=\"9f21339\" data-element_type=\"widget\" data-e-type=\"widget\" data-widget_type=\"text-editor.default\">\n\t\t\t\t<div class=\"elementor-widget-container\">\n\t\t\t\t\t\t\t\t\t\n<p>Od pocz\u0105tku swojej dzia\u0142alno\u015bci firma Apli-Tech zajmuje si\u0119 produkcj\u0105 maszyn i urz\u0105dze\u0144<br>aplikacji ci\u015bnieniowej wykorzystywanych g\u0142\u00f3wnie w rolnictwie. Jako jedni z niewielu<br>produkujemy tego typu sprz\u0119ty, kt\u00f3re s\u0105 najwy\u017cszej jako\u015bci. Do ich monta\u017cu wykorzystujemy<br>podzespo\u0142y takich marek jak: Shurflo, Hypro, TeeJet, Tecomec oraz Geoline.<br>Do ka\u017cdego zam\u00f3wienia podchodzimy indywidualnie, dopasowuj\u0105c si\u0119 w ten spos\u00f3b do<br>potrzeb klienta, staramy si\u0119 w pe\u0142ni spe\u0142ni\u0107 jego oczekiwania wzgl\u0119dem zam\u00f3wionego urz\u0105dzenia.<\/p>\n\n\n\n<p>Zapewniamy kompleksow\u0105 obs\u0142ug\u0119 klient\u00f3w indywidualnych, wsp\u00f3\u0142pracujemy<br>jednocze\u015bnie z wieloma dealerami maszyn rolniczych w ca\u0142ej Europie.<br>Wyprodukowane przez nas urz\u0105dzenia posiadaj\u0105 deklaracj\u0119 zgodno\u015bci CE, gwarancj\u0119 producenta.<\/p>\n\n\n\n<p>Zapewniamy transport oraz serwis gwarancyjny i pogwarancyjny na terenie ca\u0142ej Europy.<\/p>\n\t\t\t\t\t\t\t\t<\/div>\n\t\t\t\t<\/div>\n\t\t\t\t\t<\/div>\n\t\t<\/div>\n\t\t\t\t\t<\/div>\n\t\t<\/section>\n\t\t\t\t<\/div>\n\t\t","protected":false},"excerpt":{"rendered":"<p>O Nas Od pocz\u0105tku swojej dzia\u0142alno\u015bci firma Apli-Tech zajmuje si\u0119 produkcj\u0105 maszyn i urz\u0105dze\u0144aplikacji ci\u015bnieniowej wykorzystywanych g\u0142\u00f3wnie w rolnictwie. Jako jedni z niewieluprodukujemy tego typu sprz\u0119ty, kt\u00f3re s\u0105 najwy\u017cszej jako\u015bci. Do ich monta\u017cu wykorzystujemypodzespo\u0142y takich marek jak: Shurflo, Hypro, TeeJet, Tecomec oraz Geoline.Do ka\u017cdego zam\u00f3wienia podchodzimy indywidualnie, dopasowuj\u0105c si\u0119 w ten spos\u00f3b dopotrzeb klienta, staramy si\u0119 w pe\u0142ni spe\u0142ni\u0107 jego [&hellip;]<\/p>\n","protected":false},"author":1,"featured_media":122,"parent":0,"menu_order":0,"comment_status":"closed","ping_status":"closed","template":"page-templates\/full-width-container.php","meta":{"footnotes":""},"class_list":["post-77","page","type-page","status-publish","has-post-thumbnail","hentry"],"_links":{"self":[{"href":"https:\/\/apli-tech.pl\/index.php?rest_route=\/wp\/v2\/pages\/77","targetHints":{"allow":["GET"]}}],"collection":[{"href":"https:\/\/apli-tech.pl\/index.php?rest_route=\/wp\/v2\/pages"}],"about":[{"href":"https:\/\/apli-tech.pl\/index.php?rest_route=\/wp\/v2\/types\/page"}],"author":[{"embeddable":true,"href":"https:\/\/apli-tech.pl\/index.php?rest_route=\/wp\/v2\/users\/1"}],"replies":[{"embeddable":true,"href":"https:\/\/apli-tech.pl\/index.php?rest_route=%2Fwp%2Fv2%2Fcomments&post=77"}],"version-history":[{"count":7,"href":"https:\/\/apli-tech.pl\/index.php?rest_route=\/wp\/v2\/pages\/77\/revisions"}],"predecessor-version":[{"id":135,"href":"https:\/\/apli-tech.pl\/index.php?rest_route=\/wp\/v2\/pages\/77\/revisions\/135"}],"wp:featuredmedia":[{"embeddable":true,"href":"https:\/\/apli-tech.pl\/index.php?rest_route=\/wp\/v2\/media\/122"}],"wp:attachment":[{"href":"https:\/\/apli-tech.pl\/index.php?rest_route=%2Fwp%2Fv2%2Fmedia&parent=77"}],"curies":[{"name":"wp","href":"https:\/\/api.w.org\/{rel}","templated":true}]}}